{"id":2960,"date":"2019-01-10T11:13:21","date_gmt":"2019-01-10T09:13:21","guid":{"rendered":"https:\/\/www.doqpriorat.org\/historia\/"},"modified":"2019-02-28T11:02:20","modified_gmt":"2019-02-28T09:02:20","slug":"historia","status":"publish","type":"page","link":"https:\/\/www.doqpriorat.org\/es\/historia\/","title":{"rendered":"Historia de la DOCa Priorat"},"content":{"rendered":"<div class=\"fusion-fullwidth fullwidth-box fusion-builder-row-1 nonhundred-percent-fullwidth non-hundred-percent-height-scrolling\" style=\"background-color: #ffffff;background-position: center center;background-repeat: no-repeat;padding-top:0px;padding-right:0px;padding-bottom:0px;padding-left:0px;margin-bottom: 40px;margin-top: 0px;border-width: 0px 0px 0px 0px;border-color:#eae9e9;border-style:solid;\" ><div class=\"fusion-builder-row fusion-row\"><div class=\"fusion-layout-column fusion_builder_column fusion-builder-column-0 fusion_builder_column_1_1 1_1 fusion-one-full fusion-column-first fusion-column-last\" style=\"margin-top:0px;margin-bottom:20px;\"><div class=\"fusion-column-wrapper fusion-flex-column-wrapper-legacy\" style=\"background-position:left top;background-repeat:no-repeat;-webkit-background-size:cover;-moz-background-size:cover;-o-background-size:cover;background-size:cover;padding: 0px 0px 0px 0px;\"><div class=\"fusion-text fusion-text-1\"><p>El top\u00f3nimo Priorat est\u00e1 vinculado al concepto de vino desde hace siglos. La suma de un suelo, un clima, una orografia y el trabajo de hombres y mujeres que lo han elaborado siguiendo las t\u00e9cnicas de una tradici\u00f3n milenaria con la ayuda, hoy en d\u00eda, de una tecnolog\u00eda adaptada a los requisitos de la calidad, han propiciado un producto aut\u00e9ntico, exclusivo: el vino del Priorat.<\/p>\n<p>La Cartoixa d&#8217;Scala Dei representa la cuna hist\u00f3rica de los vinos y la viticultura de la Denominaci\u00f3n de Origen Calificada Priorat. Los monjes cartujos trajeron desde la Provenza, en el siglo XII, los conocimientos y las t\u00e9cnicas para desarrollar una viticultura que arraig\u00f3 con fuerza y ha evolucionado a lo largo de los siglos. Los dominios de la Cartuja configuraron el llamado Priorat hist\u00f3rico, que hoy coincide con la regi\u00f3n vitivin\u00edcola de la DOCa Priorat.<\/p>\n<p>La narraci\u00f3n explica como el rey Alfonso I el Casto envi\u00f3 a dos caballeros a recorrer el pa\u00eds para localizar un sitio id\u00f3neo para que la orden de los cartujos, procedentes de la Provenza, se instalase en Catalunya. Una vez llegados a los pies de Montsant les llam\u00f3 la atenci\u00f3n la singular belleza del lugar y preguntaron a un pastor sobre el enclave. Adem\u00e1s de informarles, el pastor les relat\u00f3 un suceso sobrenatural que acontec\u00eda desde hac\u00eda tiempo en el coraz\u00f3n de aquel valle: en el pino m\u00e1s alto aparec\u00eda una escalera por donde sub\u00edan y descend\u00edan los \u00e1ngeles.<\/p>\n<p>El pretexto estuvo servido, los caballeros lo comunicaron al rey, quien ofreci\u00f3 aquel lugar a la orden. Los cartujos, establecidos en 1194, levantaron el altar del templo dedicado a Santa Mar\u00eda en el punto donde se encontraba el \u00e1rbol de la leyenda. La historia dio nombre al monasterio y a la vez ha generado una iconograf\u00eda fuertemente arraigada en el territorio.<\/p>\n<p>Los cartujos de Scala Dei iban vestidos de lana blanca, con capuch\u00f3n que les cubr\u00eda la cabeza rapada. Cultivaron la vid y elaboraron el vino en la Cartuja, siguiendo una escuela de trabajo y espiritualidad. Quiz\u00e1s el del Priorat es un vino m\u00edstico.<\/p>\n<p>Hoy, los restos de la cartuja proporcionan un aire de misterio y seducen a los visitantes. Por encima de estas ruinas, diferentes capas geol\u00f3gicas se superponen hasta la cima de la sierra, jugando con una paleta de colores variados, desde el gris, el ocre y el amarillo hasta el marr\u00f3n y el rojo, formando esa escalera m\u00edstica que alcanza el azul del cielo y el blanco de los \u00e1ngeles en las nubes.<\/p>\n<p>Desde hace casi 1.000 a\u00f1os, nueve peque\u00f1os pueblos han crecido escondidos entre las pendientes de pizarra que se dispersan a los pies de la sierra de Montsant. Sus habitantes, viticultores desde siempre, modelaron el terru\u00f1o con m\u00e1rgenes. Tras la Ley de Desamortizaci\u00f3n de Mendiz\u00e1bal (1835), gracias a un gran esfuerzo y al creciente desarrollo de la vi\u00f1a, los viticultores reencontraron su dignidad. Este profundo cambio ha generado una cultura extraordinaria, fuente de prestigio para este pa\u00eds. Entre otros ejemplos, la cultura de la vid ha perdurado entre los habitantes de este territorio, y hay testimonios hist\u00f3ricos tan antiguos como el cap\u00edtulo \u00abComo plantar vi\u00f1a en Scala Dei\u00bb, del \u00abLibro de los Vasallos\u00bb del siglo XVII, o el texto an\u00f3nimo \u00abManual de viticultura de Porrera del siglo XVIII\u00bb, que reflejan la sabidur\u00eda de los hombres en convivencia con la naturaleza. <\/p>\n<p>Desafortunadamente, las \u00e9pocas de harmon\u00eda y crecimiento son c\u00edclicas y a menudo acaban en cataclismos. De hecho, en la historia de la agricultura y la vid europea, existe un antes y un despu\u00e9s de la plaga de la Filoxera. En el Priorat tambi\u00e9n supuso una cat\u00e1strofe a finales del siglo XIX y principios del XX, ya que en esta \u00e9poca la explosi\u00f3n de la ind\u00fastria t\u00e9xtil en Catalu\u00f1a arrastr\u00f3 toda la mano de obra hacia las ciudades, y no se replantaron nuevas cepas, excepto en una proporci\u00f3n m\u00ednima que, afortunadamente, es la que ha perdurado hasta nuestros d\u00edas.<\/p>\n<p>Gracias a la generaci\u00f3n de agricultores que actualmente tienen entre 70 y 80 a\u00f1os, quienes se han mantenido en el terru\u00f1o y han seguido con la tradici\u00f3n agr\u00edcola, se ha conservado la cultura vitivin\u00edcola en el Priorat.<\/p>\n<p>En d\u00e9cadas recientes se pudo intervenir en un paisaje preservado, complejo, rico y de un formidable potencial. Fue, pues, a finales de la d\u00e9cada de 1980 cuando se inici\u00f3 un nuevo ciclo de prosperidad, que conjugava sabidur\u00eda, paisaje y tradici\u00f3n con un nuevo esp\u00edritu emprendedor que ten\u00eda como objetivo la recuperaci\u00f3n de la calidad y el prestigio como premisa m\u00e1xima.<\/p>\n<p>La rehabilitaci\u00f3n de la vid se realiz\u00f3 lentamente, con la certeza de que deb\u00eda arraigarse en la memoria del terru\u00f1o. En una curiosa mezcla que asocia la evoluci\u00f3n de una cultura tradicional con vestigios agrarios del pasado y una naturaleza exuberante con una replantaci\u00f3n respetuosa y eficiente.<\/p>\n<\/div><style type=\"text\/css\">.fusion-gallery-1 .fusion-gallery-image {border:0px solid #f6f6f6;}<\/style><div class=\"fusion-gallery fusion-gallery-container fusion-grid-3 fusion-columns-total-3 fusion-gallery-layout-grid fusion-gallery-1\" style=\"margin:-5px;\"><div style=\"padding:5px;\" class=\"fusion-grid-column fusion-gallery-column fusion-gallery-column-3 hover-type-none\"><div class=\"fusion-gallery-image\"><a href=\"https:\/\/www.doqpriorat.org\/wp-content\/uploads\/2019\/01\/Cartoixa.jpeg\" rel=\"noreferrer\" data-rel=\"iLightbox[gallery_image_1]\" class=\"fusion-lightbox\"><img decoding=\"async\" src=\"https:\/\/www.doqpriorat.org\/wp-content\/uploads\/2019\/01\/Cartoixa-460x295.jpeg\" width=\"460\" height=\"295\" alt=\"\" title=\"Cartoixa\" aria-label=\"Cartoixa\" class=\"img-responsive wp-image-82 fusion-gallery-image-size-fixed\" \/><\/a><\/div><\/div><div style=\"padding:5px;\" class=\"fusion-grid-column fusion-gallery-column fusion-gallery-column-3 hover-type-none\"><div class=\"fusion-gallery-image\"><a href=\"https:\/\/www.doqpriorat.org\/wp-content\/uploads\/2019\/01\/Cartoixa-dEscaladei.jpg\" rel=\"noreferrer\" data-rel=\"iLightbox[gallery_image_1]\" class=\"fusion-lightbox\"><img decoding=\"async\" src=\"https:\/\/www.doqpriorat.org\/wp-content\/uploads\/2019\/01\/Cartoixa-dEscaladei-460x295.jpg\" width=\"460\" height=\"295\" alt=\"\" title=\"Cartoixa d&#8217;Escaladei\" aria-label=\"Cartoixa d&#8217;Escaladei\" class=\"img-responsive wp-image-81 fusion-gallery-image-size-fixed\" \/><\/a><\/div><\/div><div style=\"padding:5px;\" class=\"fusion-grid-column fusion-gallery-column fusion-gallery-column-3 hover-type-none\"><div class=\"fusion-gallery-image\"><a href=\"https:\/\/www.doqpriorat.org\/wp-content\/uploads\/2019\/01\/Cartoixa02.jpg\" rel=\"noreferrer\" data-rel=\"iLightbox[gallery_image_1]\" class=\"fusion-lightbox\"><img decoding=\"async\" src=\"https:\/\/www.doqpriorat.org\/wp-content\/uploads\/2019\/01\/Cartoixa02-460x295.jpg\" width=\"460\" height=\"295\" alt=\"\" title=\"Cartoixa02\" aria-label=\"Cartoixa02\" class=\"img-responsive wp-image-80 fusion-gallery-image-size-fixed\" \/><\/a><\/div><\/div><div class=\"clearfix\"><\/div><\/div><div class=\"fusion-clearfix\"><\/div><\/div><\/div><\/div><\/div>\n","protected":false},"excerpt":{"rendered":"","protected":false},"author":1,"featured_media":0,"parent":0,"menu_order":0,"comment_status":"closed","ping_status":"closed","template":"","meta":{"footnotes":""},"class_list":["post-2960","page","type-page","status-publish","hentry"],"yoast_head":"<!-- This site is optimized with the Yoast SEO plugin v27.4 - https:\/\/yoast.com\/product\/yoast-seo-wordpress\/ -->\n<title>Historia de la DOCa Priorat - Consell Regulador de la DOQ Priorat<\/title>\n<meta name=\"robots\" content=\"index, follow, max-snippet:-1, max-image-preview:large, max-video-preview:-1\" \/>\n<link rel=\"canonical\" href=\"https:\/\/www.doqpriorat.org\/es\/historia\/\" \/>\n<meta property=\"og:locale\" content=\"es_ES\" \/>\n<meta property=\"og:type\" content=\"article\" \/>\n<meta property=\"og:title\" content=\"Historia de la DOCa Priorat - Consell Regulador de la DOQ Priorat\" \/>\n<meta property=\"og:url\" content=\"https:\/\/www.doqpriorat.org\/es\/historia\/\" \/>\n<meta property=\"og:site_name\" content=\"Consell Regulador de la DOQ Priorat\" \/>\n<meta property=\"article:modified_time\" content=\"2019-02-28T09:02:20+00:00\" \/>\n<meta name=\"twitter:card\" content=\"summary_large_image\" \/>\n<meta name=\"twitter:label1\" content=\"Tiempo de lectura\" \/>\n\t<meta name=\"twitter:data1\" content=\"6 minutos\" \/>\n<script type=\"application\/ld+json\" class=\"yoast-schema-graph\">{\"@context\":\"https:\\\/\\\/schema.org\",\"@graph\":[{\"@type\":\"WebPage\",\"@id\":\"https:\\\/\\\/www.doqpriorat.org\\\/es\\\/historia\\\/\",\"url\":\"https:\\\/\\\/www.doqpriorat.org\\\/es\\\/historia\\\/\",\"name\":\"Historia de la DOCa Priorat - Consell Regulador de la DOQ Priorat\",\"isPartOf\":{\"@id\":\"https:\\\/\\\/www.doqpriorat.org\\\/#website\"},\"datePublished\":\"2019-01-10T09:13:21+00:00\",\"dateModified\":\"2019-02-28T09:02:20+00:00\",\"breadcrumb\":{\"@id\":\"https:\\\/\\\/www.doqpriorat.org\\\/es\\\/historia\\\/#breadcrumb\"},\"inLanguage\":\"es\",\"potentialAction\":[{\"@type\":\"ReadAction\",\"target\":[\"https:\\\/\\\/www.doqpriorat.org\\\/es\\\/historia\\\/\"]}]},{\"@type\":\"BreadcrumbList\",\"@id\":\"https:\\\/\\\/www.doqpriorat.org\\\/es\\\/historia\\\/#breadcrumb\",\"itemListElement\":[{\"@type\":\"ListItem\",\"position\":1,\"name\":\"Inici\",\"item\":\"https:\\\/\\\/www.doqpriorat.org\\\/es\\\/\"},{\"@type\":\"ListItem\",\"position\":2,\"name\":\"Historia de la DOCa Priorat\"}]},{\"@type\":\"WebSite\",\"@id\":\"https:\\\/\\\/www.doqpriorat.org\\\/#website\",\"url\":\"https:\\\/\\\/www.doqpriorat.org\\\/\",\"name\":\"Consell Regulador de la DOQ Priorat\",\"description\":\"Altre lloc gestionat amb el WordPress\",\"potentialAction\":[{\"@type\":\"SearchAction\",\"target\":{\"@type\":\"EntryPoint\",\"urlTemplate\":\"https:\\\/\\\/www.doqpriorat.org\\\/?s={search_term_string}\"},\"query-input\":{\"@type\":\"PropertyValueSpecification\",\"valueRequired\":true,\"valueName\":\"search_term_string\"}}],\"inLanguage\":\"es\"}]}<\/script>\n<!-- \/ Yoast SEO plugin. -->","yoast_head_json":{"title":"Historia de la DOCa Priorat - Consell Regulador de la DOQ Priorat","robots":{"index":"index","follow":"follow","max-snippet":"max-snippet:-1","max-image-preview":"max-image-preview:large","max-video-preview":"max-video-preview:-1"},"canonical":"https:\/\/www.doqpriorat.org\/es\/historia\/","og_locale":"es_ES","og_type":"article","og_title":"Historia de la DOCa Priorat - Consell Regulador de la DOQ Priorat","og_url":"https:\/\/www.doqpriorat.org\/es\/historia\/","og_site_name":"Consell Regulador de la DOQ Priorat","article_modified_time":"2019-02-28T09:02:20+00:00","twitter_card":"summary_large_image","twitter_misc":{"Tiempo de lectura":"6 minutos"},"schema":{"@context":"https:\/\/schema.org","@graph":[{"@type":"WebPage","@id":"https:\/\/www.doqpriorat.org\/es\/historia\/","url":"https:\/\/www.doqpriorat.org\/es\/historia\/","name":"Historia de la DOCa Priorat - Consell Regulador de la DOQ Priorat","isPartOf":{"@id":"https:\/\/www.doqpriorat.org\/#website"},"datePublished":"2019-01-10T09:13:21+00:00","dateModified":"2019-02-28T09:02:20+00:00","breadcrumb":{"@id":"https:\/\/www.doqpriorat.org\/es\/historia\/#breadcrumb"},"inLanguage":"es","potentialAction":[{"@type":"ReadAction","target":["https:\/\/www.doqpriorat.org\/es\/historia\/"]}]},{"@type":"BreadcrumbList","@id":"https:\/\/www.doqpriorat.org\/es\/historia\/#breadcrumb","itemListElement":[{"@type":"ListItem","position":1,"name":"Inici","item":"https:\/\/www.doqpriorat.org\/es\/"},{"@type":"ListItem","position":2,"name":"Historia de la DOCa Priorat"}]},{"@type":"WebSite","@id":"https:\/\/www.doqpriorat.org\/#website","url":"https:\/\/www.doqpriorat.org\/","name":"Consell Regulador de la DOQ Priorat","description":"Altre lloc gestionat amb el WordPress","potentialAction":[{"@type":"SearchAction","target":{"@type":"EntryPoint","urlTemplate":"https:\/\/www.doqpriorat.org\/?s={search_term_string}"},"query-input":{"@type":"PropertyValueSpecification","valueRequired":true,"valueName":"search_term_string"}}],"inLanguage":"es"}]}},"_links":{"self":[{"href":"https:\/\/www.doqpriorat.org\/es\/wp-json\/wp\/v2\/pages\/2960","targetHints":{"allow":["GET"]}}],"collection":[{"href":"https:\/\/www.doqpriorat.org\/es\/wp-json\/wp\/v2\/pages"}],"about":[{"href":"https:\/\/www.doqpriorat.org\/es\/wp-json\/wp\/v2\/types\/page"}],"author":[{"embeddable":true,"href":"https:\/\/www.doqpriorat.org\/es\/wp-json\/wp\/v2\/users\/1"}],"replies":[{"embeddable":true,"href":"https:\/\/www.doqpriorat.org\/es\/wp-json\/wp\/v2\/comments?post=2960"}],"version-history":[{"count":3,"href":"https:\/\/www.doqpriorat.org\/es\/wp-json\/wp\/v2\/pages\/2960\/revisions"}],"predecessor-version":[{"id":3061,"href":"https:\/\/www.doqpriorat.org\/es\/wp-json\/wp\/v2\/pages\/2960\/revisions\/3061"}],"wp:attachment":[{"href":"https:\/\/www.doqpriorat.org\/es\/wp-json\/wp\/v2\/media?parent=2960"}],"curies":[{"name":"wp","href":"https:\/\/api.w.org\/{rel}","templated":true}]}}