{"id":3541,"date":"2019-05-18T11:38:33","date_gmt":"2019-05-18T09:38:33","guid":{"rendered":"https:\/\/www.doqpriorat.org\/?page_id=3541"},"modified":"2019-05-20T18:11:10","modified_gmt":"2019-05-20T16:11:10","slug":"los-nombres-de-la-tierra","status":"publish","type":"page","link":"https:\/\/www.doqpriorat.org\/es\/los-nombres-de-la-tierra\/","title":{"rendered":"Los nombres de la tierra"},"content":{"rendered":"<p>Un gran vino es el fruto estricto y puro de un lugar privilegiado. Si cerramos el \u00e1ngulo, m\u00e1s precisa es la identidad, factor esencial de la definici\u00f3n de un gran vino. Bajo esta premisa, la DOCa Priorat impulsa la nueva catalogaci\u00f3n de los vinos elaborados por sus bodegas, poniendo el acento en tres valores la transparencia, la humildad y la recuperaci\u00f3n de aquello que un d\u00eda fue.<\/p>\n<p>\u201cLos Nombres de la tierra\u201d presenta la siguiente clasificaci\u00f3n:<\/p>\n<p><strong><em>Vino de la DOCa Priorat<\/em><\/strong><\/p>\n<p>Reflejo de la personalidad vin\u00edcola gen\u00e9rica y de la tipicidad de la DOCa Priorat.<\/p>\n<p><strong><em>Vi de Vila<\/em><\/strong><\/p>\n<p>Transmite la tipicidad privativa del mosaico paisaj\u00edstico de un municipio, la suma de la diversidad de sus parajes vit\u00edcolas.<\/p>\n<p><strong><em>Vi de Paratge<\/em><\/strong><\/p>\n<p>Muestra una esencia a\u00fan m\u00e1s pura, un car\u00e1cter ligado a la orograf\u00eda, a la geolog\u00eda y a un microclima m\u00e1s delimitado.<\/p>\n<p><strong><em>Vinya Classificada<\/em><\/strong><\/p>\n<p>Nace de una producci\u00f3n vit\u00edcola individual de virtudes excepcionales, que merece ser embotellada aparte.<\/p>\n<p><strong><em>Gran vinya classificada<\/em><\/strong><\/p>\n<p>Son muestras muy escasas de talento natural e hist\u00f3rico: una conmovedora alianza del capricho de la naturaleza y una tradici\u00f3n que ha sabido interpretar y salvaguardar hasta el presente las joyas vit\u00edcolas m\u00e1s exclusivas, inalteradas en el tiempo.<\/p>\n<p><strong>Trazabilidad<\/strong><\/p>\n<p>El Consejo Regulador de la DOCa Priorat ha identificado todas las parcelas vitivin\u00edcolas del Priorat. El objetivo ha sido garantizar el origen de la uva procedente de cada vi\u00f1a y de cada vino seg\u00fan la clasificaci\u00f3n otorgada. Los t\u00e9cnicos del Consell Regulador constatan as\u00ed, a trav\u00e9s de un rigurosocontrol de trazabilidad, que el origen y las normas establecidas en la actual clasificaci\u00f3n son aplicadas en todos los vinos.<\/p>\n<p>En la actualidad, la DOCa Priorat cuenta con poco m\u00e1s de 2.000 hect\u00e1reas de vi\u00f1edo, cultivadas por 532 viticultores y 109 bodegas. El cultivo de la vi\u00f1a y la elaboraci\u00f3n de vino son la principal actividad econ\u00f3mica de las villas de la denominaci\u00f3n.<\/p>\n<p><img decoding=\"async\" class=\"alignnone wp-image-3571 size-thumbnail\" src=\"https:\/\/www.doqpriorat.org\/wp-content\/uploads\/2019\/05\/Captura-de-Pantalla-2019-05-20-a-les-11.52.23-150x150.png\" alt=\"\" width=\"150\" height=\"150\" srcset=\"https:\/\/www.doqpriorat.org\/wp-content\/uploads\/2019\/05\/Captura-de-Pantalla-2019-05-20-a-les-11.52.23-66x66.png 66w, https:\/\/www.doqpriorat.org\/wp-content\/uploads\/2019\/05\/Captura-de-Pantalla-2019-05-20-a-les-11.52.23-150x150.png 150w\" sizes=\"(max-width: 150px) 100vw, 150px\" \/><\/p>\n<p><a href=\"https:\/\/www.doqpriorat.org\/wp-content\/uploads\/2019\/05\/190503-Fullet\u00f3-Els-Noms-de-la-terra-CAST_compressed.pdf\">Descarga<\/a><\/p>\n","protected":false},"excerpt":{"rendered":"<p>Un gran vino es el fruto estricto y puro de [&hellip;]<\/p>\n","protected":false},"author":1,"featured_media":0,"parent":0,"menu_order":0,"comment_status":"closed","ping_status":"closed","template":"","meta":{"footnotes":""},"class_list":["post-3541","page","type-page","status-publish","hentry"],"yoast_head":"<!-- This site is optimized with the Yoast SEO plugin v27.3 - https:\/\/yoast.com\/product\/yoast-seo-wordpress\/ -->\n<title>Los nombres de la tierra - Consell Regulador de la DOQ Priorat<\/title>\n<meta name=\"robots\" content=\"index, follow, max-snippet:-1, max-image-preview:large, max-video-preview:-1\" \/>\n<link rel=\"canonical\" href=\"https:\/\/www.doqpriorat.org\/es\/los-nombres-de-la-tierra\/\" \/>\n<meta property=\"og:locale\" content=\"es_ES\" \/>\n<meta property=\"og:type\" content=\"article\" \/>\n<meta property=\"og:title\" content=\"Los nombres de la tierra - Consell Regulador de la DOQ Priorat\" \/>\n<meta property=\"og:description\" content=\"Un gran vino es el fruto estricto y puro de [&hellip;]\" \/>\n<meta property=\"og:url\" content=\"https:\/\/www.doqpriorat.org\/es\/los-nombres-de-la-tierra\/\" \/>\n<meta property=\"og:site_name\" content=\"Consell Regulador de la DOQ Priorat\" \/>\n<meta property=\"article:modified_time\" content=\"2019-05-20T16:11:10+00:00\" \/>\n<meta property=\"og:image\" content=\"https:\/\/www.doqpriorat.org\/wp-content\/uploads\/2019\/05\/Captura-de-Pantalla-2019-05-20-a-les-11.52.23-150x150.png\" \/>\n<meta name=\"twitter:card\" content=\"summary_large_image\" \/>\n<meta name=\"twitter:label1\" content=\"Tiempo de lectura\" \/>\n\t<meta name=\"twitter:data1\" content=\"2 minutos\" \/>\n<script type=\"application\/ld+json\" class=\"yoast-schema-graph\">{\"@context\":\"https:\\\/\\\/schema.org\",\"@graph\":[{\"@type\":\"WebPage\",\"@id\":\"https:\\\/\\\/www.doqpriorat.org\\\/es\\\/los-nombres-de-la-tierra\\\/\",\"url\":\"https:\\\/\\\/www.doqpriorat.org\\\/es\\\/los-nombres-de-la-tierra\\\/\",\"name\":\"Los nombres de la tierra - Consell Regulador de la DOQ Priorat\",\"isPartOf\":{\"@id\":\"https:\\\/\\\/www.doqpriorat.org\\\/#website\"},\"primaryImageOfPage\":{\"@id\":\"https:\\\/\\\/www.doqpriorat.org\\\/es\\\/los-nombres-de-la-tierra\\\/#primaryimage\"},\"image\":{\"@id\":\"https:\\\/\\\/www.doqpriorat.org\\\/es\\\/los-nombres-de-la-tierra\\\/#primaryimage\"},\"thumbnailUrl\":\"https:\\\/\\\/www.doqpriorat.org\\\/wp-content\\\/uploads\\\/2019\\\/05\\\/Captura-de-Pantalla-2019-05-20-a-les-11.52.23-150x150.png\",\"datePublished\":\"2019-05-18T09:38:33+00:00\",\"dateModified\":\"2019-05-20T16:11:10+00:00\",\"breadcrumb\":{\"@id\":\"https:\\\/\\\/www.doqpriorat.org\\\/es\\\/los-nombres-de-la-tierra\\\/#breadcrumb\"},\"inLanguage\":\"es\",\"potentialAction\":[{\"@type\":\"ReadAction\",\"target\":[\"https:\\\/\\\/www.doqpriorat.org\\\/es\\\/los-nombres-de-la-tierra\\\/\"]}]},{\"@type\":\"ImageObject\",\"inLanguage\":\"es\",\"@id\":\"https:\\\/\\\/www.doqpriorat.org\\\/es\\\/los-nombres-de-la-tierra\\\/#primaryimage\",\"url\":\"https:\\\/\\\/www.doqpriorat.org\\\/wp-content\\\/uploads\\\/2019\\\/05\\\/Captura-de-Pantalla-2019-05-20-a-les-11.52.23-150x150.png\",\"contentUrl\":\"https:\\\/\\\/www.doqpriorat.org\\\/wp-content\\\/uploads\\\/2019\\\/05\\\/Captura-de-Pantalla-2019-05-20-a-les-11.52.23-150x150.png\"},{\"@type\":\"BreadcrumbList\",\"@id\":\"https:\\\/\\\/www.doqpriorat.org\\\/es\\\/los-nombres-de-la-tierra\\\/#breadcrumb\",\"itemListElement\":[{\"@type\":\"ListItem\",\"position\":1,\"name\":\"Inici\",\"item\":\"https:\\\/\\\/www.doqpriorat.org\\\/es\\\/\"},{\"@type\":\"ListItem\",\"position\":2,\"name\":\"Los nombres de la tierra\"}]},{\"@type\":\"WebSite\",\"@id\":\"https:\\\/\\\/www.doqpriorat.org\\\/#website\",\"url\":\"https:\\\/\\\/www.doqpriorat.org\\\/\",\"name\":\"Consell Regulador de la DOQ Priorat\",\"description\":\"Altre lloc gestionat amb el WordPress\",\"potentialAction\":[{\"@type\":\"SearchAction\",\"target\":{\"@type\":\"EntryPoint\",\"urlTemplate\":\"https:\\\/\\\/www.doqpriorat.org\\\/?s={search_term_string}\"},\"query-input\":{\"@type\":\"PropertyValueSpecification\",\"valueRequired\":true,\"valueName\":\"search_term_string\"}}],\"inLanguage\":\"es\"}]}<\/script>\n<!-- \/ Yoast SEO plugin. -->","yoast_head_json":{"title":"Los nombres de la tierra - Consell Regulador de la DOQ Priorat","robots":{"index":"index","follow":"follow","max-snippet":"max-snippet:-1","max-image-preview":"max-image-preview:large","max-video-preview":"max-video-preview:-1"},"canonical":"https:\/\/www.doqpriorat.org\/es\/los-nombres-de-la-tierra\/","og_locale":"es_ES","og_type":"article","og_title":"Los nombres de la tierra - Consell Regulador de la DOQ Priorat","og_description":"Un gran vino es el fruto estricto y puro de [&hellip;]","og_url":"https:\/\/www.doqpriorat.org\/es\/los-nombres-de-la-tierra\/","og_site_name":"Consell Regulador de la DOQ Priorat","article_modified_time":"2019-05-20T16:11:10+00:00","og_image":[{"url":"https:\/\/www.doqpriorat.org\/wp-content\/uploads\/2019\/05\/Captura-de-Pantalla-2019-05-20-a-les-11.52.23-150x150.png","type":"","width":"","height":""}],"twitter_card":"summary_large_image","twitter_misc":{"Tiempo de lectura":"2 minutos"},"schema":{"@context":"https:\/\/schema.org","@graph":[{"@type":"WebPage","@id":"https:\/\/www.doqpriorat.org\/es\/los-nombres-de-la-tierra\/","url":"https:\/\/www.doqpriorat.org\/es\/los-nombres-de-la-tierra\/","name":"Los nombres de la tierra - Consell Regulador de la DOQ Priorat","isPartOf":{"@id":"https:\/\/www.doqpriorat.org\/#website"},"primaryImageOfPage":{"@id":"https:\/\/www.doqpriorat.org\/es\/los-nombres-de-la-tierra\/#primaryimage"},"image":{"@id":"https:\/\/www.doqpriorat.org\/es\/los-nombres-de-la-tierra\/#primaryimage"},"thumbnailUrl":"https:\/\/www.doqpriorat.org\/wp-content\/uploads\/2019\/05\/Captura-de-Pantalla-2019-05-20-a-les-11.52.23-150x150.png","datePublished":"2019-05-18T09:38:33+00:00","dateModified":"2019-05-20T16:11:10+00:00","breadcrumb":{"@id":"https:\/\/www.doqpriorat.org\/es\/los-nombres-de-la-tierra\/#breadcrumb"},"inLanguage":"es","potentialAction":[{"@type":"ReadAction","target":["https:\/\/www.doqpriorat.org\/es\/los-nombres-de-la-tierra\/"]}]},{"@type":"ImageObject","inLanguage":"es","@id":"https:\/\/www.doqpriorat.org\/es\/los-nombres-de-la-tierra\/#primaryimage","url":"https:\/\/www.doqpriorat.org\/wp-content\/uploads\/2019\/05\/Captura-de-Pantalla-2019-05-20-a-les-11.52.23-150x150.png","contentUrl":"https:\/\/www.doqpriorat.org\/wp-content\/uploads\/2019\/05\/Captura-de-Pantalla-2019-05-20-a-les-11.52.23-150x150.png"},{"@type":"BreadcrumbList","@id":"https:\/\/www.doqpriorat.org\/es\/los-nombres-de-la-tierra\/#breadcrumb","itemListElement":[{"@type":"ListItem","position":1,"name":"Inici","item":"https:\/\/www.doqpriorat.org\/es\/"},{"@type":"ListItem","position":2,"name":"Los nombres de la tierra"}]},{"@type":"WebSite","@id":"https:\/\/www.doqpriorat.org\/#website","url":"https:\/\/www.doqpriorat.org\/","name":"Consell Regulador de la DOQ Priorat","description":"Altre lloc gestionat amb el WordPress","potentialAction":[{"@type":"SearchAction","target":{"@type":"EntryPoint","urlTemplate":"https:\/\/www.doqpriorat.org\/?s={search_term_string}"},"query-input":{"@type":"PropertyValueSpecification","valueRequired":true,"valueName":"search_term_string"}}],"inLanguage":"es"}]}},"_links":{"self":[{"href":"https:\/\/www.doqpriorat.org\/es\/wp-json\/wp\/v2\/pages\/3541","targetHints":{"allow":["GET"]}}],"collection":[{"href":"https:\/\/www.doqpriorat.org\/es\/wp-json\/wp\/v2\/pages"}],"about":[{"href":"https:\/\/www.doqpriorat.org\/es\/wp-json\/wp\/v2\/types\/page"}],"author":[{"embeddable":true,"href":"https:\/\/www.doqpriorat.org\/es\/wp-json\/wp\/v2\/users\/1"}],"replies":[{"embeddable":true,"href":"https:\/\/www.doqpriorat.org\/es\/wp-json\/wp\/v2\/comments?post=3541"}],"version-history":[{"count":3,"href":"https:\/\/www.doqpriorat.org\/es\/wp-json\/wp\/v2\/pages\/3541\/revisions"}],"predecessor-version":[{"id":3578,"href":"https:\/\/www.doqpriorat.org\/es\/wp-json\/wp\/v2\/pages\/3541\/revisions\/3578"}],"wp:attachment":[{"href":"https:\/\/www.doqpriorat.org\/es\/wp-json\/wp\/v2\/media?parent=3541"}],"curies":[{"name":"wp","href":"https:\/\/api.w.org\/{rel}","templated":true}]}}