{"id":3598,"date":"2019-05-29T17:48:35","date_gmt":"2019-05-29T15:48:35","guid":{"rendered":"https:\/\/www.doqpriorat.org\/?page_id=3598"},"modified":"2025-08-21T13:25:46","modified_gmt":"2025-08-21T11:25:46","slug":"el-reglamento","status":"publish","type":"page","link":"https:\/\/www.doqpriorat.org\/es\/el-reglamento\/","title":{"rendered":"El Reglamento"},"content":{"rendered":"<p>El 18 de Abril de 2006 se aprob\u00f3 el nuevo reglamento de la DOCa Priorat, adapt\u00e1ndose a la nueva Ley de la Vi\u00f1a y el Vino y a la Llei Vitivin\u00edcola Catalana, public\u00e1ndose el nuevo reglamento en el DOGC N\u00fam. 4618 de 21 de Abril de 2006.<\/p>\n<p>El Reglamento del Consejo Regulador de la DOCa Priorat ha sido aprobado por la Consejer\u00eda de Agricultura, Ganader\u00eda y Pesca de la Generalitat de Catalunya.<\/p>\n<p>Se puede acceder a trav\u00e9s del enlace siguiente:<br \/>\n<a href=\"https:\/\/www.doqpriorat.org\/wp-content\/uploads\/2019\/02\/reglament.pdf\" target=\"_blank\" rel=\"noopener noreferrer\">Consultar el reglamento<\/a><br \/>\n<a href=\"https:\/\/www.doqpriorat.org\/wp-content\/uploads\/2019\/02\/reglament2.pdf\" target=\"_blank\" rel=\"noopener noreferrer\">BOE n\u00fam. 162 de 06\/06\/09<\/a><br \/>\n<a href=\"https:\/\/www.doqpriorat.org\/wp-content\/uploads\/2024\/05\/priorat_2022_09_06_tcm30-634110.pdf\" target=\"_blank\" rel=\"noopener noreferrer\">Pliego de Condiciones de la Denominaci\u00f3n d\u2019Origen Calficada Priorat\u00a0<\/a><\/p>\n<p><a href=\"https:\/\/incavi.gencat.cat\/.content\/005-normativa\/plecs-condicions-do-catalanes\/Arxius-plecs\/PRIORAT-Pliego-de-condiciones-modificacion-temporal-2025.pdf\">Modificaci\u00f3n cosecha 2025<\/a><\/p>\n","protected":false},"excerpt":{"rendered":"<p>El 18 de Abril de 2006 se aprob\u00f3 el nuevo [&hellip;]<\/p>\n","protected":false},"author":1,"featured_media":0,"parent":0,"menu_order":0,"comment_status":"closed","ping_status":"closed","template":"","meta":{"footnotes":""},"class_list":["post-3598","page","type-page","status-publish","hentry"],"yoast_head":"<!-- This site is optimized with the Yoast SEO plugin v27.3 - https:\/\/yoast.com\/product\/yoast-seo-wordpress\/ -->\n<title>El Reglamento - Consell Regulador de la DOQ Priorat<\/title>\n<meta name=\"robots\" content=\"index, follow, max-snippet:-1, max-image-preview:large, max-video-preview:-1\" \/>\n<link rel=\"canonical\" href=\"https:\/\/www.doqpriorat.org\/es\/el-reglamento\/\" \/>\n<meta property=\"og:locale\" content=\"es_ES\" \/>\n<meta property=\"og:type\" content=\"article\" \/>\n<meta property=\"og:title\" content=\"El Reglamento - Consell Regulador de la DOQ Priorat\" \/>\n<meta property=\"og:description\" content=\"El 18 de Abril de 2006 se aprob\u00f3 el nuevo [&hellip;]\" \/>\n<meta property=\"og:url\" content=\"https:\/\/www.doqpriorat.org\/es\/el-reglamento\/\" \/>\n<meta property=\"og:site_name\" content=\"Consell Regulador de la DOQ Priorat\" \/>\n<meta property=\"article:modified_time\" content=\"2025-08-21T11:25:46+00:00\" \/>\n<meta name=\"twitter:card\" content=\"summary_large_image\" \/>\n<meta name=\"twitter:label1\" content=\"Tiempo de lectura\" \/>\n\t<meta name=\"twitter:data1\" content=\"1 minuto\" \/>\n<script type=\"application\/ld+json\" class=\"yoast-schema-graph\">{\"@context\":\"https:\\\/\\\/schema.org\",\"@graph\":[{\"@type\":\"WebPage\",\"@id\":\"https:\\\/\\\/www.doqpriorat.org\\\/es\\\/el-reglamento\\\/\",\"url\":\"https:\\\/\\\/www.doqpriorat.org\\\/es\\\/el-reglamento\\\/\",\"name\":\"El Reglamento - Consell Regulador de la DOQ Priorat\",\"isPartOf\":{\"@id\":\"https:\\\/\\\/www.doqpriorat.org\\\/#website\"},\"datePublished\":\"2019-05-29T15:48:35+00:00\",\"dateModified\":\"2025-08-21T11:25:46+00:00\",\"breadcrumb\":{\"@id\":\"https:\\\/\\\/www.doqpriorat.org\\\/es\\\/el-reglamento\\\/#breadcrumb\"},\"inLanguage\":\"es\",\"potentialAction\":[{\"@type\":\"ReadAction\",\"target\":[\"https:\\\/\\\/www.doqpriorat.org\\\/es\\\/el-reglamento\\\/\"]}]},{\"@type\":\"BreadcrumbList\",\"@id\":\"https:\\\/\\\/www.doqpriorat.org\\\/es\\\/el-reglamento\\\/#breadcrumb\",\"itemListElement\":[{\"@type\":\"ListItem\",\"position\":1,\"name\":\"Inici\",\"item\":\"https:\\\/\\\/www.doqpriorat.org\\\/es\\\/\"},{\"@type\":\"ListItem\",\"position\":2,\"name\":\"El Reglamento\"}]},{\"@type\":\"WebSite\",\"@id\":\"https:\\\/\\\/www.doqpriorat.org\\\/#website\",\"url\":\"https:\\\/\\\/www.doqpriorat.org\\\/\",\"name\":\"Consell Regulador de la DOQ Priorat\",\"description\":\"Altre lloc gestionat amb el WordPress\",\"potentialAction\":[{\"@type\":\"SearchAction\",\"target\":{\"@type\":\"EntryPoint\",\"urlTemplate\":\"https:\\\/\\\/www.doqpriorat.org\\\/?s={search_term_string}\"},\"query-input\":{\"@type\":\"PropertyValueSpecification\",\"valueRequired\":true,\"valueName\":\"search_term_string\"}}],\"inLanguage\":\"es\"}]}<\/script>\n<!-- \/ Yoast SEO plugin. -->","yoast_head_json":{"title":"El Reglamento - Consell Regulador de la DOQ Priorat","robots":{"index":"index","follow":"follow","max-snippet":"max-snippet:-1","max-image-preview":"max-image-preview:large","max-video-preview":"max-video-preview:-1"},"canonical":"https:\/\/www.doqpriorat.org\/es\/el-reglamento\/","og_locale":"es_ES","og_type":"article","og_title":"El Reglamento - Consell Regulador de la DOQ Priorat","og_description":"El 18 de Abril de 2006 se aprob\u00f3 el nuevo [&hellip;]","og_url":"https:\/\/www.doqpriorat.org\/es\/el-reglamento\/","og_site_name":"Consell Regulador de la DOQ Priorat","article_modified_time":"2025-08-21T11:25:46+00:00","twitter_card":"summary_large_image","twitter_misc":{"Tiempo de lectura":"1 minuto"},"schema":{"@context":"https:\/\/schema.org","@graph":[{"@type":"WebPage","@id":"https:\/\/www.doqpriorat.org\/es\/el-reglamento\/","url":"https:\/\/www.doqpriorat.org\/es\/el-reglamento\/","name":"El Reglamento - Consell Regulador de la DOQ Priorat","isPartOf":{"@id":"https:\/\/www.doqpriorat.org\/#website"},"datePublished":"2019-05-29T15:48:35+00:00","dateModified":"2025-08-21T11:25:46+00:00","breadcrumb":{"@id":"https:\/\/www.doqpriorat.org\/es\/el-reglamento\/#breadcrumb"},"inLanguage":"es","potentialAction":[{"@type":"ReadAction","target":["https:\/\/www.doqpriorat.org\/es\/el-reglamento\/"]}]},{"@type":"BreadcrumbList","@id":"https:\/\/www.doqpriorat.org\/es\/el-reglamento\/#breadcrumb","itemListElement":[{"@type":"ListItem","position":1,"name":"Inici","item":"https:\/\/www.doqpriorat.org\/es\/"},{"@type":"ListItem","position":2,"name":"El Reglamento"}]},{"@type":"WebSite","@id":"https:\/\/www.doqpriorat.org\/#website","url":"https:\/\/www.doqpriorat.org\/","name":"Consell Regulador de la DOQ Priorat","description":"Altre lloc gestionat amb el WordPress","potentialAction":[{"@type":"SearchAction","target":{"@type":"EntryPoint","urlTemplate":"https:\/\/www.doqpriorat.org\/?s={search_term_string}"},"query-input":{"@type":"PropertyValueSpecification","valueRequired":true,"valueName":"search_term_string"}}],"inLanguage":"es"}]}},"_links":{"self":[{"href":"https:\/\/www.doqpriorat.org\/es\/wp-json\/wp\/v2\/pages\/3598","targetHints":{"allow":["GET"]}}],"collection":[{"href":"https:\/\/www.doqpriorat.org\/es\/wp-json\/wp\/v2\/pages"}],"about":[{"href":"https:\/\/www.doqpriorat.org\/es\/wp-json\/wp\/v2\/types\/page"}],"author":[{"embeddable":true,"href":"https:\/\/www.doqpriorat.org\/es\/wp-json\/wp\/v2\/users\/1"}],"replies":[{"embeddable":true,"href":"https:\/\/www.doqpriorat.org\/es\/wp-json\/wp\/v2\/comments?post=3598"}],"version-history":[{"count":4,"href":"https:\/\/www.doqpriorat.org\/es\/wp-json\/wp\/v2\/pages\/3598\/revisions"}],"predecessor-version":[{"id":5983,"href":"https:\/\/www.doqpriorat.org\/es\/wp-json\/wp\/v2\/pages\/3598\/revisions\/5983"}],"wp:attachment":[{"href":"https:\/\/www.doqpriorat.org\/es\/wp-json\/wp\/v2\/media?parent=3598"}],"curies":[{"name":"wp","href":"https:\/\/api.w.org\/{rel}","templated":true}]}}